{"id":29,"date":"2016-11-05T19:29:49","date_gmt":"2016-11-05T18:29:49","guid":{"rendered":"http:\/\/www.angelacingolani.eu\/it\/?page_id=29"},"modified":"2026-01-16T15:52:49","modified_gmt":"2026-01-16T14:52:49","slug":"home","status":"publish","type":"page","link":"https:\/\/www.angelacingolani.eu\/it\/","title":{"rendered":"Home"},"content":{"rendered":"<div class=\"nm-row nm-row-full-nopad  vc_custom_1518000813518\">\n\t<div class=\"col-sm-12 nm_column\">\n\t\t<div class=\"wpb_wrapper\">\n\t\t\t\n<div id=\"rev_slider_1_1_wrapper\" class=\"rev_slider_wrapper fullscreen-container\" data-source=\"gallery\" style=\"background:transparent;padding:0px;\">\n<!-- START REVOLUTION SLIDER 5.4.6.6 fullscreen mode -->\n\t<div id=\"rev_slider_1_1\" class=\"rev_slider fullscreenbanner\" style=\"display:none;\" data-version=\"5.4.6.6\">\n<ul>\t<!-- SLIDE  -->\n\t<li data-index=\"rs-6\" data-transition=\"slideoverright\" data-slotamount=\"default\" data-hideafterloop=\"0\" data-hideslideonmobile=\"off\"  data-easein=\"default\" data-easeout=\"default\" data-masterspeed=\"default\"  data-thumb=\"https:\/\/www.angelacingolani.eu\/wp-content\/uploads\/2018\/02\/Cologne-100x50.jpg\"  data-rotate=\"0\"  data-saveperformance=\"off\"  data-title=\"Slide\" data-param1=\"\" data-param2=\"\" data-param3=\"\" data-param4=\"\" data-param5=\"\" data-param6=\"\" data-param7=\"\" data-param8=\"\" data-param9=\"\" data-param10=\"\" data-description=\"\">\n\t\t<!-- MAIN IMAGE -->\n\t\t<img loading=\"lazy\" decoding=\"async\" src=\"https:\/\/www.angelacingolani.eu\/wp-content\/plugins\/revslider\/admin\/assets\/images\/dummy.png\"  alt=\"Angela Cingolani Architetto - Poltrona Frau Tablino - Cologne\" title=\"Angela Cingolani Architetto &#8211; Poltrona Frau Tablino &#8211; Cologne\"  width=\"2100\" height=\"1397\" data-lazyload=\"https:\/\/www.angelacingolani.eu\/wp-content\/uploads\/2018\/02\/Cologne.jpg\" data-bgposition=\"center center\" data-bgfit=\"cover\" data-bgrepeat=\"no-repeat\" data-bgparallax=\"off\" class=\"rev-slidebg\" data-no-retina>\n\t\t<!-- LAYERS -->\n\t<\/li>\n\t<!-- SLIDE  -->\n\t<li data-index=\"rs-7\" data-transition=\"slideoverright\" data-slotamount=\"default\" data-hideafterloop=\"0\" data-hideslideonmobile=\"off\"  data-easein=\"default\" data-easeout=\"default\" data-masterspeed=\"default\"  data-thumb=\"https:\/\/www.angelacingolani.eu\/wp-content\/uploads\/2018\/02\/Salone-playroom-100x50.jpg\"  data-rotate=\"0\"  data-saveperformance=\"off\"  data-title=\"Slide\" data-param1=\"\" data-param2=\"\" data-param3=\"\" data-param4=\"\" data-param5=\"\" data-param6=\"\" data-param7=\"\" data-param8=\"\" data-param9=\"\" data-param10=\"\" data-description=\"\">\n\t\t<!-- MAIN IMAGE -->\n\t\t<img loading=\"lazy\" decoding=\"async\" src=\"https:\/\/www.angelacingolani.eu\/wp-content\/plugins\/revslider\/admin\/assets\/images\/dummy.png\"  alt=\"Angela Cingolani Architetto - Porto Ercole - Salone playroom\" title=\"Angela Cingolani Architetto &#8211; Porto Ercole &#8211; Salone playroom\"  width=\"2100\" height=\"1397\" data-lazyload=\"https:\/\/www.angelacingolani.eu\/wp-content\/uploads\/2018\/02\/Salone-playroom.jpg\" data-bgposition=\"center center\" data-bgfit=\"cover\" data-bgrepeat=\"no-repeat\" data-bgparallax=\"off\" class=\"rev-slidebg\" data-no-retina>\n\t\t<!-- LAYERS -->\n\t<\/li>\n\t<!-- SLIDE  -->\n\t<li data-index=\"rs-8\" data-transition=\"slideoverright\" data-slotamount=\"default\" data-hideafterloop=\"0\" data-hideslideonmobile=\"off\"  data-easein=\"default\" data-easeout=\"default\" data-masterspeed=\"default\"  data-thumb=\"https:\/\/www.angelacingolani.eu\/wp-content\/uploads\/2022\/09\/xhome-100x50.jpg\"  data-rotate=\"0\"  data-saveperformance=\"off\"  data-title=\"Slide\" data-param1=\"\" data-param2=\"\" data-param3=\"\" data-param4=\"\" data-param5=\"\" data-param6=\"\" data-param7=\"\" data-param8=\"\" data-param9=\"\" data-param10=\"\" data-description=\"\">\n\t\t<!-- MAIN IMAGE -->\n\t\t<img loading=\"lazy\" decoding=\"async\" src=\"https:\/\/www.angelacingolani.eu\/wp-content\/plugins\/revslider\/admin\/assets\/images\/dummy.png\"  alt=\"\" title=\"xhome\"  width=\"2100\" height=\"1397\" data-lazyload=\"https:\/\/www.angelacingolani.eu\/wp-content\/uploads\/2022\/09\/xhome.jpg\" data-bgposition=\"center center\" data-bgfit=\"cover\" data-bgrepeat=\"no-repeat\" data-bgparallax=\"off\" class=\"rev-slidebg\" data-no-retina>\n\t\t<!-- LAYERS -->\n\t<\/li>\n<\/ul>\n<script>var htmlDiv = document.getElementById(\"rs-plugin-settings-inline-css\"); var htmlDivCss=\"\";\r\n\t\t\t\t\t\tif(htmlDiv) {\r\n\t\t\t\t\t\t\thtmlDiv.innerHTML = htmlDiv.innerHTML + htmlDivCss;\r\n\t\t\t\t\t\t}else{\r\n\t\t\t\t\t\t\tvar htmlDiv = document.createElement(\"div\");\r\n\t\t\t\t\t\t\thtmlDiv.innerHTML = \"<style>\" + htmlDivCss + \"<\/style>\";\r\n\t\t\t\t\t\t\tdocument.getElementsByTagName(\"head\")[0].appendChild(htmlDiv.childNodes[0]);\r\n\t\t\t\t\t\t}\r\n\t\t\t\t\t<\/script>\n<div class=\"tp-bannertimer tp-bottom\" style=\"visibility: hidden !important;\"><\/div>\t<\/div>\n<script>var htmlDiv = document.getElementById(\"rs-plugin-settings-inline-css\"); var htmlDivCss=\"\";\r\n\t\t\t\tif(htmlDiv) {\r\n\t\t\t\t\thtmlDiv.innerHTML = htmlDiv.innerHTML + htmlDivCss;\r\n\t\t\t\t}else{\r\n\t\t\t\t\tvar htmlDiv = document.createElement(\"div\");\r\n\t\t\t\t\thtmlDiv.innerHTML = \"<style>\" + htmlDivCss + \"<\/style>\";\r\n\t\t\t\t\tdocument.getElementsByTagName(\"head\")[0].appendChild(htmlDiv.childNodes[0]);\r\n\t\t\t\t}\r\n\t\t\t<\/script>\n\t\t<script type=\"text\/javascript\">\r\nsetREVStartSize({c: '#rev_slider_1_1', gridwidth: [1240], gridheight: [600], sliderLayout: 'fullscreen', fullScreenAutoWidth:'off', fullScreenAlignForce:'off', fullScreenOffsetContainer:'', fullScreenOffset:''});\r\n\t\t\t\r\nvar revapi1,\r\n\ttpj;\r\ndocument.addEventListener(\"DOMContentLoaded\", function() {\ntpj = jQuery;\tif(tpj(\"#rev_slider_1_1\").revolution == undefined){\n\t\trevslider_showDoubleJqueryError(\"#rev_slider_1_1\");\n\t}else{\n\t\trevapi1 = tpj(\"#rev_slider_1_1\").show().revolution({\n\t\t\tsliderType:\"standard\",\n\t\t\tjsFileLocation:\"\/\/www.angelacingolani.eu\/wp-content\/plugins\/revslider\/public\/assets\/js\/\",\n\t\t\tsliderLayout:\"fullscreen\",\n\t\t\tdottedOverlay:\"none\",\n\t\t\tdelay:9000,\n\t\t\tnavigation: {\n\t\t\t\tkeyboardNavigation:\"off\",\n\t\t\t\tkeyboard_direction: \"horizontal\",\n\t\t\t\tmouseScrollNavigation:\"off\",\n \t\t\t\t\t\t\tmouseScrollReverse:\"default\",\n\t\t\t\tonHoverStop:\"on\",\n\t\t\t\ttouch:{\n\t\t\t\t\ttouchenabled:\"on\",\n\t\t\t\t\ttouchOnDesktop:\"off\",\n\t\t\t\t\tswipe_threshold: 75,\n\t\t\t\t\tswipe_min_touches: 50,\n\t\t\t\t\tswipe_direction: \"horizontal\",\n\t\t\t\t\tdrag_block_vertical: false\n\t\t\t\t}\n\t\t\t\t,\n\t\t\t\tarrows: {\n\t\t\t\t\tstyle:\"uranus\",\n\t\t\t\t\tenable:true,\n\t\t\t\t\thide_onmobile:true,\n\t\t\t\t\thide_under:600,\n\t\t\t\t\thide_onleave:true,\n\t\t\t\t\thide_delay:200,\n\t\t\t\t\thide_delay_mobile:1200,\n\t\t\t\t\ttmp:'',\n\t\t\t\t\tleft: {\n\t\t\t\t\t\th_align:\"left\",\n\t\t\t\t\t\tv_align:\"center\",\n\t\t\t\t\t\th_offset:30,\n\t\t\t\t\t\tv_offset:0\n\t\t\t\t\t},\n\t\t\t\t\tright: {\n\t\t\t\t\t\th_align:\"right\",\n\t\t\t\t\t\tv_align:\"center\",\n\t\t\t\t\t\th_offset:30,\n\t\t\t\t\t\tv_offset:0\n\t\t\t\t\t}\n\t\t\t\t}\n\t\t\t\t,\n\t\t\t\tbullets: {\n\t\t\t\t\tenable:true,\n\t\t\t\t\thide_onmobile:true,\n\t\t\t\t\thide_under:600,\n\t\t\t\t\tstyle:\"hermes\",\n\t\t\t\t\thide_onleave:true,\n\t\t\t\t\thide_delay:200,\n\t\t\t\t\thide_delay_mobile:1200,\n\t\t\t\t\tdirection:\"horizontal\",\n\t\t\t\t\th_align:\"center\",\n\t\t\t\t\tv_align:\"bottom\",\n\t\t\t\t\th_offset:0,\n\t\t\t\t\tv_offset:30,\n\t\t\t\t\tspace:5,\n\t\t\t\t\ttmp:''\n\t\t\t\t}\n\t\t\t},\n\t\t\tvisibilityLevels:[1240,1024,778,480],\n\t\t\tgridwidth:1240,\n\t\t\tgridheight:600,\n\t\t\tlazyType:\"smart\",\n\t\t\tparallax: {\n\t\t\t\ttype:\"mouse\",\n\t\t\t\torigo:\"slidercenter\",\n\t\t\t\tspeed:2000,\n\t\t\t\tspeedbg:0,\n\t\t\t\tspeedls:0,\n\t\t\t\tlevels:[2,3,4,5,6,7,12,16,10,50,47,48,49,50,51,55],\n\t\t\t},\n\t\t\tshadow:0,\n\t\t\tspinner:\"off\",\n\t\t\tstopLoop:\"off\",\n\t\t\tstopAfterLoops:-1,\n\t\t\tstopAtSlide:-1,\n\t\t\tshuffle:\"off\",\n\t\t\tautoHeight:\"off\",\n\t\t\tfullScreenAutoWidth:\"off\",\n\t\t\tfullScreenAlignForce:\"off\",\n\t\t\tfullScreenOffsetContainer: \"\",\n\t\t\tfullScreenOffset: \"\",\n\t\t\tdisableProgressBar:\"on\",\n\t\t\thideThumbsOnMobile:\"off\",\n\t\t\thideSliderAtLimit:0,\n\t\t\thideCaptionAtLimit:0,\n\t\t\thideAllCaptionAtLilmit:0,\n\t\t\tdebugMode:false,\n\t\t\tfallbacks: {\n\t\t\t\tsimplifyAll:\"off\",\n\t\t\t\tnextSlideOnWindowFocus:\"off\",\n\t\t\t\tdisableFocusListener:false,\n\t\t\t}\n\t\t});\n\t}\n\t\n});\t\/*ready*\/\n<\/script>\r\n\t\t<script>\r\n\t\t\t\t\tvar htmlDivCss = unescape(\"%23rev_slider_1_1%20.uranus.tparrows%20%7B%0A%20%20width%3A50px%3B%0A%20%20height%3A50px%3B%0A%20%20background%3Argba%28255%2C255%2C255%2C0%29%3B%0A%20%7D%0A%20%23rev_slider_1_1%20.uranus.tparrows%3Abefore%20%7B%0A%20width%3A50px%3B%0A%20height%3A50px%3B%0A%20line-height%3A50px%3B%0A%20font-size%3A40px%3B%0A%20transition%3Aall%200.3s%3B%0A-webkit-transition%3Aall%200.3s%3B%0A%20%7D%0A%20%0A%20%20%23rev_slider_1_1%20.uranus.tparrows%3Ahover%3Abefore%20%7B%0A%20%20%20%20opacity%3A0.75%3B%0A%20%20%7D%0A.hermes.tp-bullets%20%7B%0A%7D%0A%0A.hermes%20.tp-bullet%20%7B%0A%20%20%20%20overflow%3Ahidden%3B%0A%20%20%20%20border-radius%3A50%25%3B%0A%20%20%20%20width%3A16px%3B%0A%20%20%20%20height%3A16px%3B%0A%20%20%20%20background-color%3A%20rgba%280%2C%200%2C%200%2C%200%29%3B%0A%20%20%20%20box-shadow%3A%20inset%200%200%200%202px%20rgb%28255%2C%20255%2C%20255%29%3B%0A%20%20%20%20-webkit-transition%3A%20background%200.3s%20ease%3B%0A%20%20%20%20transition%3A%20background%200.3s%20ease%3B%0A%20%20%20%20position%3Aabsolute%3B%0A%7D%0A%0A.hermes%20.tp-bullet%3Ahover%20%7B%0A%09%20%20background-color%3A%20rgba%280%2C0%2C0%2C0.21%29%3B%0A%7D%0A.hermes%20.tp-bullet%3Aafter%20%7B%0A%20%20content%3A%20%27%20%27%3B%0A%20%20position%3A%20absolute%3B%0A%20%20bottom%3A%200%3B%0A%20%20height%3A%200%3B%0A%20%20left%3A%200%3B%0A%20%20width%3A%20100%25%3B%0A%20%20background-color%3A%20rgb%28255%2C%20255%2C%20255%29%3B%0A%20%20box-shadow%3A%200%200%201px%20rgb%28255%2C%20255%2C%20255%29%3B%0A%20%20-webkit-transition%3A%20height%200.3s%20ease%3B%0A%20%20transition%3A%20height%200.3s%20ease%3B%0A%7D%0A.hermes%20.tp-bullet.selected%3Aafter%20%7B%0A%20%20height%3A100%25%3B%0A%7D%0A%0A\");\r\n\t\t\t\t\tvar htmlDiv = document.getElementById('rs-plugin-settings-inline-css');\r\n\t\t\t\t\tif(htmlDiv) {\r\n\t\t\t\t\t\thtmlDiv.innerHTML = htmlDiv.innerHTML + htmlDivCss;\r\n\t\t\t\t\t}\r\n\t\t\t\t\telse{\r\n\t\t\t\t\t\tvar htmlDiv = document.createElement('div');\r\n\t\t\t\t\t\thtmlDiv.innerHTML = '<style>' + htmlDivCss + '<\/style>';\r\n\t\t\t\t\t\tdocument.getElementsByTagName('head')[0].appendChild(htmlDiv.childNodes[0]);\r\n\t\t\t\t\t}\r\n\t\t\t\t  <\/script>\r\n\t\t\t\t<\/div><!-- END REVOLUTION SLIDER -->\n\t\t<\/div> \n\t<\/div> \n<\/div><div class=\"nm-row nm-row-full  vc_custom_1517875757824\">\n\t<div class=\"col-sm-12 nm_column\">\n\t\t<div class=\"wpb_wrapper\">\n\t\t\t<div class=\"vc_empty_space\"   style=\"height: 32px\"><span class=\"vc_empty_space_inner\"><\/span><\/div>\n\t\t<\/div> \n\t<\/div> \n<\/div><div style=\" min-height:300px; background-image:url(https:\/\/www.angelacingolani.eu\/wp-content\/uploads\/2016\/11\/Milan-Furniture-Fair-2011-fot-1.jpg) !important;\" class=\"nm-row nm-row-full-nopad nm-row-flex nm-row-col-middle nm-row-parallax nm-row-parallax-static  vc_custom_1517918886455\">\n\t<div class=\"col-sm-12 nm_column\">\n\t\t<div class=\"wpb_wrapper\">\n\t\t\t<div class=\"vc_empty_space\"   style=\"height: 32px\"><span class=\"vc_empty_space_inner\"><\/span><\/div><div class=\"nm-row nm-row-boxed inner \">\n\t<div class=\"col-sm-3 nm_column\">\n\t\t<div class=\"wpb_wrapper\">\n\t\t\t<div class=\"vc_empty_space\"   style=\"height: 32px\"><span class=\"vc_empty_space_inner\"><\/span><\/div>\n\t<div class=\"wpb_text_column wpb_content_element counterbig\" >\n\t\t<div class=\"wpb_wrapper\">\n\t\t\t<p style=\"text-align: center;\">40<\/p>\n\n\t\t<\/div>\n\t<\/div>\n<div class=\"vc_empty_space\"   style=\"height: 8px\"><span class=\"vc_empty_space_inner\"><\/span><\/div>\n\t<div class=\"wpb_text_column wpb_content_element countersmall\" >\n\t\t<div class=\"wpb_wrapper\">\n\t\t\t<p style=\"text-align: center;\"><span id=\"result_box\" class=\"short_text\" lang=\"en\"><span class=\"\">RENOVATIONS<\/span><\/span><\/p>\n\n\t\t<\/div>\n\t<\/div>\n<div class=\"vc_empty_space\"   style=\"height: 32px\"><span class=\"vc_empty_space_inner\"><\/span><\/div>\n\t\t<\/div> \n\t<\/div> \n\n\t<div class=\"col-sm-3 nm_column\">\n\t\t<div class=\"wpb_wrapper\">\n\t\t\t<div class=\"vc_empty_space\"   style=\"height: 32px\"><span class=\"vc_empty_space_inner\"><\/span><\/div>\n\t<div class=\"wpb_text_column wpb_content_element counterbig\" >\n\t\t<div class=\"wpb_wrapper\">\n\t\t\t<p style=\"text-align: center;\">50<\/p>\n\n\t\t<\/div>\n\t<\/div>\n<div class=\"vc_empty_space\"   style=\"height: 8px\"><span class=\"vc_empty_space_inner\"><\/span><\/div>\n\t<div class=\"wpb_text_column wpb_content_element countersmall\" >\n\t\t<div class=\"wpb_wrapper\">\n\t\t\t<p style=\"text-align: center;\">INTERIOR DESIGN<\/p>\n\n\t\t<\/div>\n\t<\/div>\n<div class=\"vc_empty_space\"   style=\"height: 32px\"><span class=\"vc_empty_space_inner\"><\/span><\/div>\n\t\t<\/div> \n\t<\/div> \n\n\t<div class=\"col-sm-3 nm_column\">\n\t\t<div class=\"wpb_wrapper\">\n\t\t\t<div class=\"vc_empty_space\"   style=\"height: 32px\"><span class=\"vc_empty_space_inner\"><\/span><\/div>\n\t<div class=\"wpb_text_column wpb_content_element counterbig\" >\n\t\t<div class=\"wpb_wrapper\">\n\t\t\t<p style=\"text-align: center;\">70<\/p>\n\n\t\t<\/div>\n\t<\/div>\n<div class=\"vc_empty_space\"   style=\"height: 8px\"><span class=\"vc_empty_space_inner\"><\/span><\/div>\n\t<div class=\"wpb_text_column wpb_content_element countersmall\" >\n\t\t<div class=\"wpb_wrapper\">\n\t\t\t<p style=\"text-align: center;\">PROJECTS DESIGN<\/p>\n\n\t\t<\/div>\n\t<\/div>\n<div class=\"vc_empty_space\"   style=\"height: 32px\"><span class=\"vc_empty_space_inner\"><\/span><\/div>\n\t\t<\/div> \n\t<\/div> \n\n\t<div class=\"col-sm-3 nm_column\">\n\t\t<div class=\"wpb_wrapper\">\n\t\t\t<div class=\"vc_empty_space\"   style=\"height: 32px\"><span class=\"vc_empty_space_inner\"><\/span><\/div>\n\t<div class=\"wpb_text_column wpb_content_element counterbig\" >\n\t\t<div class=\"wpb_wrapper\">\n\t\t\t<p style=\"text-align: center;\">7<\/p>\n\n\t\t<\/div>\n\t<\/div>\n<div class=\"vc_empty_space\"   style=\"height: 8px\"><span class=\"vc_empty_space_inner\"><\/span><\/div>\n\t<div class=\"wpb_text_column wpb_content_element countersmall\" >\n\t\t<div class=\"wpb_wrapper\">\n\t\t\t<p style=\"text-align: center;\">HOME STAGING PROJECTS<\/p>\n\n\t\t<\/div>\n\t<\/div>\n<div class=\"vc_empty_space\"   style=\"height: 32px\"><span class=\"vc_empty_space_inner\"><\/span><\/div>\n\t\t<\/div> \n\t<\/div> \n<\/div><div class=\"vc_empty_space\"   style=\"height: 32px\"><span class=\"vc_empty_space_inner\"><\/span><\/div><div class=\"nm-row nm-row-full inner  vc_custom_1517926401223\">\n\t<div class=\"col-sm-12 nm_column\">\n\t\t<div class=\"wpb_wrapper\">\n\t\t\t<div class=\"vc_empty_space\"   style=\"height: 32px\"><span class=\"vc_empty_space_inner\"><\/span><\/div><div class=\"vc_empty_space\"   style=\"height: 32px\"><span class=\"vc_empty_space_inner\"><\/span><\/div>\n\t<div class=\"wpb_text_column wpb_content_element mycenter\" >\n\t\t<div class=\"wpb_wrapper\">\n\t\t\t<div align=\"center\">\n<table border=\"0\" cellspacing=\"20\" align=\"center\">\n<tbody>\n<tr>\n<th scope=\"col\"><\/th>\n<th scope=\"col\"><\/th>\n<th scope=\"col\" width=\"520\">\n<h3 style=\"text-align: center;\">TABLINO<\/h3>\n<p style=\"text-align: center;\"><strong>Design per Poltrona Frau<\/strong><\/p>\n<p style=\"text-align: center;\">Tablino \u00e8 una serie di tre tavolini, uno quadrato e due\u00a0rettangolari. I tavoli possono essere combinati per creare\u00a0forme geometriche, contrasti audaci o stand alone. La leggera struttura, dalle linee definite e sottili, \u00e8 realizzata in legno massello di frassino tinto weng\u00e8. La superficie orizzontale dei piani, realizzati in fibra di legno, \u00e8 rivestita in Pelle Frau\u00ae del Color System.<\/p>\n<\/th>\n<th scope=\"col\" width=\"410\"><center><img decoding=\"async\" class=\"myimage2\" src=\"https:\/\/www.angelacingolani.eu\/wp-content\/uploads\/2018\/02\/tablino3-3.jpg\" \/><\/center><\/th>\n<th scope=\"col\"><\/th>\n<\/tr>\n<\/tbody>\n<\/table>\n<\/div>\n\n\t\t<\/div>\n\t<\/div>\n<div class=\"vc_empty_space\"   style=\"height: 32px\"><span class=\"vc_empty_space_inner\"><\/span><\/div><div class=\"vc_empty_space\"   style=\"height: 32px\"><span class=\"vc_empty_space_inner\"><\/span><\/div>\n\t\t<\/div> \n\t<\/div> \n<\/div><div class=\"nm-row nm-row-full inner \">\n\t<div class=\"col-sm-12 nm_column\">\n\t\t<div class=\"wpb_wrapper\">\n\t\t\t<div class=\"vc_empty_space\"   style=\"height: 32px\"><span class=\"vc_empty_space_inner\"><\/span><\/div><div class=\"vc_empty_space\"   style=\"height: 32px\"><span class=\"vc_empty_space_inner\"><\/span><\/div><div class=\"vc_empty_space\"   style=\"height: 32px\"><span class=\"vc_empty_space_inner\"><\/span><\/div>\n\t<div class=\"wpb_text_column wpb_content_element titleboxsocial\" >\n\t\t<div class=\"wpb_wrapper\">\n\t\t\t<p style=\"text-align: center;\">GET IN TOUCH WITH ME<\/p>\n\n\t\t<\/div>\n\t<\/div>\n\n\t\t<\/div> \n\t<\/div> \n<\/div><div class=\"vc_empty_space\"   style=\"height: 32px\"><span class=\"vc_empty_space_inner\"><\/span><\/div><div class=\"nm-row nm-row-boxed inner \">\n\t<div class=\"col-sm-4 nm_column\">\n\t\t<div class=\"wpb_wrapper\">\n\t\t\t<div class=\"vc_empty_space\"   style=\"height: 32px\"><span class=\"vc_empty_space_inner\"><\/span><\/div><a class=\"ts-box-icon-link\" style=\"color:#ffffff;\" href=\"https:\/\/www.facebook.com\/Architetto-Angela-Cingolani-154935468538283\/\" target=\"_blank\"><div id=\"ts-vcsc-box-icon-9469729\" class=\"ts-vcsc-box-icon   icon_top-style ts-box-icon  \"  style=\"margin-bottom:0px; margin-top:0px;\"><div class=\"ts-hover ts-css-effect6\"><div class=\"ts-css-shadow  \" style=\"background-color: rgba(255,255,255,0.01);\"><div class=\"ts-icon-box-inner top-side   \" style=\" padding: 0px 10px 0px 10px; \"><i style=\"margin: 0 auto 10px auto; float: none;; color:#ffffff;padding: 14px 14px; background-color:rgba(0,0,0,0.01); width: 40px; height: 40px; font-size: 40px; line-height: 40px; border: 2px solid #ffffff;\" class=\"ts-box-icon-title-icon ts-awesome-facebook-f ts-main-ico ts-font-icon frame-enabled ts-hover-css-fadeInts-radius-full\"><\/i><div class=\"box-detail-wrapper\" style=\"clear: both;\"><div class=\"ts-box-icon-title\" style=\"width: auto !important; color:#ffffff; font-size:22px; font-weight:inherit; margin-bottom: 10px; text-align:center; \">Facebook<\/div><div class=\"ts-icon-box-content\" style=\"margin-top: 10px; font-size: 14px; line-height: 14px; \"><\/div><\/div><\/div><div class=\"clearboth\"><\/div><\/div><\/div><\/div><\/a>\n\t\t<\/div> \n\t<\/div> \n\n\t<div class=\"col-sm-4 nm_column\">\n\t\t<div class=\"wpb_wrapper\">\n\t\t\t<div class=\"vc_empty_space\"   style=\"height: 32px\"><span class=\"vc_empty_space_inner\"><\/span><\/div><a class=\"ts-box-icon-link\" style=\"color:#ffffff;\" href=\"https:\/\/www.instagram.com\/angelacingolaniarchitetto\/\" target=\"_blank\"><div id=\"ts-vcsc-box-icon-8118555\" class=\"ts-vcsc-box-icon   icon_top-style ts-box-icon  \"  style=\"margin-bottom:0px; margin-top:0px;\"><div class=\"ts-hover ts-css-effect6\"><div class=\"ts-css-shadow  \" style=\"background-color: rgba(255,255,255,0.01);\"><div class=\"ts-icon-box-inner top-side   \" style=\" padding: 0px 10px 0px 10px; \"><i style=\"margin: 0 auto 10px auto; float: none;; color:#ffffff;padding: 14px 14px; background-color:rgba(0,0,0,0.01); width: 40px; height: 40px; font-size: 40px; line-height: 40px; border: 2px solid #ffffff;\" class=\"ts-box-icon-title-icon ts-awesome-instagram ts-main-ico ts-font-icon frame-enabled ts-hover-css-fadeInts-radius-full\"><\/i><div class=\"box-detail-wrapper\" style=\"clear: both;\"><div class=\"ts-box-icon-title\" style=\"width: auto !important; color:#ffffff; font-size:22px; font-weight:inherit; margin-bottom: 10px; text-align:center; \">Instagram<\/div><div class=\"ts-icon-box-content\" style=\"margin-top: 10px; font-size: 14px; line-height: 14px; \"><\/div><\/div><\/div><div class=\"clearboth\"><\/div><\/div><\/div><\/div><\/a>\n\t\t<\/div> \n\t<\/div> \n\n\t<div class=\"col-sm-4 nm_column\">\n\t\t<div class=\"wpb_wrapper\">\n\t\t\t<div class=\"vc_empty_space\"   style=\"height: 32px\"><span class=\"vc_empty_space_inner\"><\/span><\/div><a class=\"ts-box-icon-link\" style=\"color:#ffffff;\" href=\"https:\/\/it.pinterest.com\/angelacingo9822\/\" target=\"_blank\"><div id=\"ts-vcsc-box-icon-2102679\" class=\"ts-vcsc-box-icon   icon_top-style ts-box-icon  \"  style=\"margin-bottom:0px; margin-top:0px;\"><div class=\"ts-hover ts-css-effect6\"><div class=\"ts-css-shadow  \" style=\"background-color: rgba(255,255,255,0.01);\"><div class=\"ts-icon-box-inner top-side   \" style=\" padding: 0px 10px 0px 10px; \"><i style=\"margin: 0 auto 10px auto; float: none;; color:#ffffff;padding: 14px 14px; background-color:rgba(0,0,0,0.01); width: 40px; height: 40px; font-size: 40px; line-height: 40px; border: 2px solid #ffffff;\" class=\"ts-box-icon-title-icon ts-awesome-pinterest-p ts-main-ico ts-font-icon frame-enabled ts-hover-css-fadeInts-radius-full\"><\/i><div class=\"box-detail-wrapper\" style=\"clear: both;\"><div class=\"ts-box-icon-title\" style=\"width: auto !important; color:#ffffff; font-size:22px; font-weight:inherit; margin-bottom: 10px; text-align:center; \">Pinterest<\/div><div class=\"ts-icon-box-content\" style=\"margin-top: 10px; font-size: 14px; line-height: 14px; \"><\/div><\/div><\/div><div class=\"clearboth\"><\/div><\/div><\/div><\/div><\/a>\n\t\t<\/div> \n\t<\/div> \n<\/div><div class=\"vc_empty_space\"   style=\"height: 32px\"><span class=\"vc_empty_space_inner\"><\/span><\/div><div class=\"vc_empty_space\"   style=\"height: 32px\"><span class=\"vc_empty_space_inner\"><\/span><\/div>\n\t\t<\/div> \n\t<\/div> \n<\/div>\n","protected":false},"excerpt":{"rendered":"40 RENOVATIONS 50 INTERIOR DESIGN 70 PROJECTS DESIGN 7 HOME STAGING PROJECTS TABLINO Design per Poltrona Frau Tablino \u00e8 una serie di tre tavolini, uno quadrato e due\u00a0rettangolari. I tavoli possono essere combinati per creare\u00a0forme geometriche, contrasti audaci o stand alone. La leggera struttura, dalle linee definite e sottili, \u00e8 realizzata in legno massello di [...]","protected":false},"author":1,"featured_media":0,"parent":0,"menu_order":0,"comment_status":"closed","ping_status":"closed","template":"page-full.php","meta":{"footnotes":""},"class_list":["post-29","page","type-page","status-publish","hentry"],"_links":{"self":[{"href":"https:\/\/www.angelacingolani.eu\/it\/wp-json\/wp\/v2\/pages\/29"}],"collection":[{"href":"https:\/\/www.angelacingolani.eu\/it\/wp-json\/wp\/v2\/pages"}],"about":[{"href":"https:\/\/www.angelacingolani.eu\/it\/wp-json\/wp\/v2\/types\/page"}],"author":[{"embeddable":true,"href":"https:\/\/www.angelacingolani.eu\/it\/wp-json\/wp\/v2\/users\/1"}],"replies":[{"embeddable":true,"href":"https:\/\/www.angelacingolani.eu\/it\/wp-json\/wp\/v2\/comments?post=29"}],"version-history":[{"count":48,"href":"https:\/\/www.angelacingolani.eu\/it\/wp-json\/wp\/v2\/pages\/29\/revisions"}],"predecessor-version":[{"id":3287,"href":"https:\/\/www.angelacingolani.eu\/it\/wp-json\/wp\/v2\/pages\/29\/revisions\/3287"}],"wp:attachment":[{"href":"https:\/\/www.angelacingolani.eu\/it\/wp-json\/wp\/v2\/media?parent=29"}],"curies":[{"name":"wp","href":"https:\/\/api.w.org\/{rel}","templated":true}]}}